{"id":149,"date":"2018-04-13T15:17:27","date_gmt":"2018-04-13T13:17:27","guid":{"rendered":"http:\/\/dapdeil.nl\/?page_id=149"},"modified":"2018-04-27T16:34:34","modified_gmt":"2018-04-27T14:34:34","slug":"gynaecologische-begeleiding","status":"publish","type":"page","link":"https:\/\/dapdeil.nl\/?page_id=149","title":{"rendered":"Gynaecologische begeleiding van merrie&#8217;s"},"content":{"rendered":"<p><img decoding=\"async\" class=\"alignright size-full wp-image-228\" src=\"https:\/\/dapdeil.nl\/wp-content\/uploads\/2018\/04\/Gynaecologische-begeleiding.jpg\" alt=\"Gynaecologische begeleiding van Merrie's\" width=\"40%\" srcset=\"https:\/\/dapdeil.nl\/wp-content\/uploads\/2018\/04\/Gynaecologische-begeleiding.jpg 800w, https:\/\/dapdeil.nl\/wp-content\/uploads\/2018\/04\/Gynaecologische-begeleiding-150x150.jpg 150w, https:\/\/dapdeil.nl\/wp-content\/uploads\/2018\/04\/Gynaecologische-begeleiding-300x300.jpg 300w, https:\/\/dapdeil.nl\/wp-content\/uploads\/2018\/04\/Gynaecologische-begeleiding-768x768.jpg 768w, https:\/\/dapdeil.nl\/wp-content\/uploads\/2018\/04\/Gynaecologische-begeleiding-100x100.jpg 100w\" sizes=\"(max-width: 800px) 100vw, 800px\" \/>Wij kunnen voor u de volledige gynaecologische begeleiding van merrie&#8217;s verzorgen, van insemineren tot en met veulenen.<\/p>\n<h2 class=\"h-custom-headline h3\">Insemineren van merrie&#8217;s<\/h2>\n<p>Met behulp van echografisch onderzoek onder rectale begeleiding (ook wel scannen genoemd) wordt gekeken of de merrie op het juiste tijdstip in de cyclus zit om ge\u00efnsemineerd te worden. Zo ja, dan kan de merrie ge\u00efnsemineerd worden door \u00e9\u00e9n van onze dierenartsen of door een inseminator. Twee dagen na inseminatie controleren we nog een keer of er daadwerkelijk een eisprong heeft plaatsgevonden. Achttien dagen na inseminatie wordt de merrie m.b.v. echografisch onderzoek gecontroleerd of ze drachtig is. Eventueel kan ze drie weken later nog een keer gescand worden. Dit laatste is wel verstandig om te doen omdat de eerste 6 weken van de dracht de kans het grootst is op afsterven van de vrucht.<\/p>\n","protected":false},"excerpt":{"rendered":"<p>Wij kunnen voor u de volledige gynaecologische begeleiding van merrie&#8217;s verzorgen, van insemineren tot en met veulenen. Insemineren van merrie&#8217;s Met behulp van echografisch onderzoek onder rectale begeleiding (ook wel scannen genoemd) wordt gekeken of de merrie op het juiste tijdstip in de cyclus zit om ge\u00efnsemineerd te worden. Zo ja, dan kan de merrie ge\u00efnsemineerd worden door \u00e9\u00e9n van &#8230;<\/p>\n","protected":false},"author":3,"featured_media":0,"parent":136,"menu_order":0,"comment_status":"closed","ping_status":"closed","template":"","meta":{"footnotes":""},"class_list":["post-149","page","type-page","status-publish","hentry","no-post-thumbnail"],"yoast_head":"<!-- This site is optimized with the Yoast SEO plugin v27.6 - https:\/\/yoast.com\/product\/yoast-seo-wordpress\/ -->\n<title>Gynaecologische begeleiding van merrie&#039;s - Dierenartsenpraktijk Deil<\/title>\n<meta name=\"description\" content=\"Wij kunnen voor u de volledige gynaecologische begeleiding van merrie&#039;s verzorgen, van insemineren tot en met veulenen. Met behulp van echografisch onderzoek onder rectale begeleiding (ook wel scannen genoemd) wordt gekeken of de merrie op het juiste tijdstip in de cyclus zit om ge\u00efnsemineerd te worden.\" \/>\n<meta name=\"robots\" content=\"index, follow, max-snippet:-1, max-image-preview:large, max-video-preview:-1\" \/>\n<link rel=\"canonical\" href=\"https:\/\/dapdeil.nl\/?page_id=149\" \/>\n<meta property=\"og:locale\" content=\"nl_NL\" \/>\n<meta property=\"og:type\" content=\"article\" \/>\n<meta property=\"og:title\" content=\"Gynaecologische begeleiding van merrie&#039;s - Dierenartsenpraktijk Deil\" \/>\n<meta property=\"og:description\" content=\"Wij kunnen voor u de volledige gynaecologische begeleiding van merrie&#039;s verzorgen, van insemineren tot en met veulenen. Met behulp van echografisch onderzoek onder rectale begeleiding (ook wel scannen genoemd) wordt gekeken of de merrie op het juiste tijdstip in de cyclus zit om ge\u00efnsemineerd te worden.\" \/>\n<meta property=\"og:url\" content=\"https:\/\/dapdeil.nl\/?page_id=149\" \/>\n<meta property=\"og:site_name\" content=\"Dierenartsenpraktijk Deil\" \/>\n<meta property=\"article:modified_time\" content=\"2018-04-27T14:34:34+00:00\" \/>\n<meta property=\"og:image\" content=\"https:\/\/dapdeil.nl\/wp-content\/uploads\/2018\/04\/Gynaecologische-begeleiding.jpg\" \/>\n<meta name=\"twitter:card\" content=\"summary_large_image\" \/>\n<meta name=\"twitter:label1\" content=\"Geschatte leestijd\" \/>\n\t<meta name=\"twitter:data1\" content=\"1 minuut\" \/>\n<script type=\"application\/ld+json\" class=\"yoast-schema-graph\">{\"@context\":\"https:\\\/\\\/schema.org\",\"@graph\":[{\"@type\":\"WebPage\",\"@id\":\"https:\\\/\\\/dapdeil.nl\\\/?page_id=149\",\"url\":\"https:\\\/\\\/dapdeil.nl\\\/?page_id=149\",\"name\":\"Gynaecologische begeleiding van merrie's - Dierenartsenpraktijk Deil\",\"isPartOf\":{\"@id\":\"https:\\\/\\\/dapdeil.nl\\\/#website\"},\"primaryImageOfPage\":{\"@id\":\"https:\\\/\\\/dapdeil.nl\\\/?page_id=149#primaryimage\"},\"image\":{\"@id\":\"https:\\\/\\\/dapdeil.nl\\\/?page_id=149#primaryimage\"},\"thumbnailUrl\":\"https:\\\/\\\/dapdeil.nl\\\/wp-content\\\/uploads\\\/2018\\\/04\\\/Gynaecologische-begeleiding.jpg\",\"datePublished\":\"2018-04-13T13:17:27+00:00\",\"dateModified\":\"2018-04-27T14:34:34+00:00\",\"description\":\"Wij kunnen voor u de volledige gynaecologische begeleiding van merrie's verzorgen, van insemineren tot en met veulenen. Met behulp van echografisch onderzoek onder rectale begeleiding (ook wel scannen genoemd) wordt gekeken of de merrie op het juiste tijdstip in de cyclus zit om ge\u00efnsemineerd te worden.\",\"breadcrumb\":{\"@id\":\"https:\\\/\\\/dapdeil.nl\\\/?page_id=149#breadcrumb\"},\"inLanguage\":\"nl-NL\",\"potentialAction\":[{\"@type\":\"ReadAction\",\"target\":[\"https:\\\/\\\/dapdeil.nl\\\/?page_id=149\"]}]},{\"@type\":\"ImageObject\",\"inLanguage\":\"nl-NL\",\"@id\":\"https:\\\/\\\/dapdeil.nl\\\/?page_id=149#primaryimage\",\"url\":\"https:\\\/\\\/dapdeil.nl\\\/wp-content\\\/uploads\\\/2018\\\/04\\\/Gynaecologische-begeleiding.jpg\",\"contentUrl\":\"https:\\\/\\\/dapdeil.nl\\\/wp-content\\\/uploads\\\/2018\\\/04\\\/Gynaecologische-begeleiding.jpg\",\"width\":800,\"height\":800},{\"@type\":\"BreadcrumbList\",\"@id\":\"https:\\\/\\\/dapdeil.nl\\\/?page_id=149#breadcrumb\",\"itemListElement\":[{\"@type\":\"ListItem\",\"position\":1,\"name\":\"Home\",\"item\":\"https:\\\/\\\/dapdeil.nl\\\/\"},{\"@type\":\"ListItem\",\"position\":2,\"name\":\"Paarden\",\"item\":\"https:\\\/\\\/dapdeil.nl\\\/?page_id=136\"},{\"@type\":\"ListItem\",\"position\":3,\"name\":\"Gynaecologische begeleiding van merrie&#8217;s\"}]},{\"@type\":\"WebSite\",\"@id\":\"https:\\\/\\\/dapdeil.nl\\\/#website\",\"url\":\"https:\\\/\\\/dapdeil.nl\\\/\",\"name\":\"Dierenartsenpraktijk Deil\",\"description\":\"DAP Deil\",\"potentialAction\":[{\"@type\":\"SearchAction\",\"target\":{\"@type\":\"EntryPoint\",\"urlTemplate\":\"https:\\\/\\\/dapdeil.nl\\\/?s={search_term_string}\"},\"query-input\":{\"@type\":\"PropertyValueSpecification\",\"valueRequired\":true,\"valueName\":\"search_term_string\"}}],\"inLanguage\":\"nl-NL\"}]}<\/script>\n<!-- \/ Yoast SEO plugin. -->","yoast_head_json":{"title":"Gynaecologische begeleiding van merrie's - Dierenartsenpraktijk Deil","description":"Wij kunnen voor u de volledige gynaecologische begeleiding van merrie's verzorgen, van insemineren tot en met veulenen. Met behulp van echografisch onderzoek onder rectale begeleiding (ook wel scannen genoemd) wordt gekeken of de merrie op het juiste tijdstip in de cyclus zit om ge\u00efnsemineerd te worden.","robots":{"index":"index","follow":"follow","max-snippet":"max-snippet:-1","max-image-preview":"max-image-preview:large","max-video-preview":"max-video-preview:-1"},"canonical":"https:\/\/dapdeil.nl\/?page_id=149","og_locale":"nl_NL","og_type":"article","og_title":"Gynaecologische begeleiding van merrie's - Dierenartsenpraktijk Deil","og_description":"Wij kunnen voor u de volledige gynaecologische begeleiding van merrie's verzorgen, van insemineren tot en met veulenen. Met behulp van echografisch onderzoek onder rectale begeleiding (ook wel scannen genoemd) wordt gekeken of de merrie op het juiste tijdstip in de cyclus zit om ge\u00efnsemineerd te worden.","og_url":"https:\/\/dapdeil.nl\/?page_id=149","og_site_name":"Dierenartsenpraktijk Deil","article_modified_time":"2018-04-27T14:34:34+00:00","og_image":[{"url":"https:\/\/dapdeil.nl\/wp-content\/uploads\/2018\/04\/Gynaecologische-begeleiding.jpg","type":"","width":"","height":""}],"twitter_card":"summary_large_image","twitter_misc":{"Geschatte leestijd":"1 minuut"},"schema":{"@context":"https:\/\/schema.org","@graph":[{"@type":"WebPage","@id":"https:\/\/dapdeil.nl\/?page_id=149","url":"https:\/\/dapdeil.nl\/?page_id=149","name":"Gynaecologische begeleiding van merrie's - Dierenartsenpraktijk Deil","isPartOf":{"@id":"https:\/\/dapdeil.nl\/#website"},"primaryImageOfPage":{"@id":"https:\/\/dapdeil.nl\/?page_id=149#primaryimage"},"image":{"@id":"https:\/\/dapdeil.nl\/?page_id=149#primaryimage"},"thumbnailUrl":"https:\/\/dapdeil.nl\/wp-content\/uploads\/2018\/04\/Gynaecologische-begeleiding.jpg","datePublished":"2018-04-13T13:17:27+00:00","dateModified":"2018-04-27T14:34:34+00:00","description":"Wij kunnen voor u de volledige gynaecologische begeleiding van merrie's verzorgen, van insemineren tot en met veulenen. Met behulp van echografisch onderzoek onder rectale begeleiding (ook wel scannen genoemd) wordt gekeken of de merrie op het juiste tijdstip in de cyclus zit om ge\u00efnsemineerd te worden.","breadcrumb":{"@id":"https:\/\/dapdeil.nl\/?page_id=149#breadcrumb"},"inLanguage":"nl-NL","potentialAction":[{"@type":"ReadAction","target":["https:\/\/dapdeil.nl\/?page_id=149"]}]},{"@type":"ImageObject","inLanguage":"nl-NL","@id":"https:\/\/dapdeil.nl\/?page_id=149#primaryimage","url":"https:\/\/dapdeil.nl\/wp-content\/uploads\/2018\/04\/Gynaecologische-begeleiding.jpg","contentUrl":"https:\/\/dapdeil.nl\/wp-content\/uploads\/2018\/04\/Gynaecologische-begeleiding.jpg","width":800,"height":800},{"@type":"BreadcrumbList","@id":"https:\/\/dapdeil.nl\/?page_id=149#breadcrumb","itemListElement":[{"@type":"ListItem","position":1,"name":"Home","item":"https:\/\/dapdeil.nl\/"},{"@type":"ListItem","position":2,"name":"Paarden","item":"https:\/\/dapdeil.nl\/?page_id=136"},{"@type":"ListItem","position":3,"name":"Gynaecologische begeleiding van merrie&#8217;s"}]},{"@type":"WebSite","@id":"https:\/\/dapdeil.nl\/#website","url":"https:\/\/dapdeil.nl\/","name":"Dierenartsenpraktijk Deil","description":"DAP Deil","potentialAction":[{"@type":"SearchAction","target":{"@type":"EntryPoint","urlTemplate":"https:\/\/dapdeil.nl\/?s={search_term_string}"},"query-input":{"@type":"PropertyValueSpecification","valueRequired":true,"valueName":"search_term_string"}}],"inLanguage":"nl-NL"}]}},"_links":{"self":[{"href":"https:\/\/dapdeil.nl\/index.php?rest_route=\/wp\/v2\/pages\/149","targetHints":{"allow":["GET"]}}],"collection":[{"href":"https:\/\/dapdeil.nl\/index.php?rest_route=\/wp\/v2\/pages"}],"about":[{"href":"https:\/\/dapdeil.nl\/index.php?rest_route=\/wp\/v2\/types\/page"}],"author":[{"embeddable":true,"href":"https:\/\/dapdeil.nl\/index.php?rest_route=\/wp\/v2\/users\/3"}],"replies":[{"embeddable":true,"href":"https:\/\/dapdeil.nl\/index.php?rest_route=%2Fwp%2Fv2%2Fcomments&post=149"}],"version-history":[{"count":3,"href":"https:\/\/dapdeil.nl\/index.php?rest_route=\/wp\/v2\/pages\/149\/revisions"}],"predecessor-version":[{"id":230,"href":"https:\/\/dapdeil.nl\/index.php?rest_route=\/wp\/v2\/pages\/149\/revisions\/230"}],"up":[{"embeddable":true,"href":"https:\/\/dapdeil.nl\/index.php?rest_route=\/wp\/v2\/pages\/136"}],"wp:attachment":[{"href":"https:\/\/dapdeil.nl\/index.php?rest_route=%2Fwp%2Fv2%2Fmedia&parent=149"}],"curies":[{"name":"wp","href":"https:\/\/api.w.org\/{rel}","templated":true}]}}